{"id":1375,"date":"2024-04-30T11:14:03","date_gmt":"2024-04-30T15:14:03","guid":{"rendered":"https:\/\/valuminium.ca\/news\/"},"modified":"2025-10-16T15:52:39","modified_gmt":"2025-10-16T19:52:39","slug":"news","status":"publish","type":"page","link":"https:\/\/valuminium.ca\/en\/news\/","title":{"rendered":"News"},"content":{"rendered":"<p>[et_pb_section fb_built=&#8221;1&#8243; _builder_version=&#8221;4.25.0&#8243; _module_preset=&#8221;default&#8221; background_enable_color=&#8221;off&#8221; use_background_color_gradient=&#8221;on&#8221; background_color_gradient_stops=&#8221;rgba(0,0,0,0.7) 0%|rgba(0,0,0,0.8) 100%&#8221; background_color_gradient_overlays_image=&#8221;on&#8221; background_image=&#8221;https:\/\/valuminium.ca\/wp-content\/uploads\/2024\/04\/bg-header-2-scaled.webp&#8221; overflow-x=&#8221;hidden&#8221; overflow-y=&#8221;hidden&#8221; custom_padding=&#8221;0px||0px||true|false&#8221; global_colors_info=&#8221;{}&#8221;][et_pb_row column_structure=&#8221;1_2,1_2&#8243; use_custom_gutter=&#8221;on&#8221; gutter_width=&#8221;1&#8243; _builder_version=&#8221;4.25.1&#8243; _module_preset=&#8221;default&#8221; hover_enabled=&#8221;0&#8243; box_shadow_style=&#8221;preset4&#8243; box_shadow_horizontal=&#8221;30vw&#8221; box_shadow_vertical=&#8221;0px&#8221; box_shadow_color=&#8221;#024b99&#8243; global_colors_info=&#8221;{}&#8221; sticky_enabled=&#8221;0&#8243;][et_pb_column type=&#8221;1_2&#8243; _builder_version=&#8221;4.24.2&#8243; _module_preset=&#8221;default&#8221; global_colors_info=&#8221;{}&#8221;][et_pb_divider show_divider=&#8221;off&#8221; _builder_version=&#8221;4.24.2&#8243; _module_preset=&#8221;default&#8221; height=&#8221;8vw&#8221; global_colors_info=&#8221;{}&#8221;][\/et_pb_divider][et_pb_text module_class=&#8221;condensed&#8221; _builder_version=&#8221;4.25.0&#8243; _dynamic_attributes=&#8221;content&#8221; _module_preset=&#8221;default&#8221; text_font_size=&#8221;18px&#8221; header_font=&#8221;|300|||||||&#8221; header_text_color=&#8221;#FFFFFF&#8221; header_font_size=&#8221;70px&#8221; header_2_font=&#8221;|300|||||||&#8221; header_2_text_color=&#8221;#FFFFFF&#8221; header_2_font_size=&#8221;45px&#8221; background_layout=&#8221;dark&#8221; global_colors_info=&#8221;{}&#8221;]@ET-DC@eyJkeW5hbWljIjp0cnVlLCJjb250ZW50IjoicG9zdF90aXRsZSIsInNldHRpbmdzIjp7ImJlZm9yZSI6IjxoMT4iLCJhZnRlciI6IjwvaDE+IiwiZW5hYmxlX2h0bWwiOiJvZmYifX0=@[\/et_pb_text][\/et_pb_column][et_pb_column type=&#8221;1_2&#8243; _builder_version=&#8221;4.24.2&#8243; _module_preset=&#8221;default&#8221; global_colors_info=&#8221;{}&#8221;][\/et_pb_column][\/et_pb_row][et_pb_row _builder_version=&#8221;4.25.1&#8243; _module_preset=&#8221;default&#8221; hover_enabled=&#8221;0&#8243; global_colors_info=&#8221;{}&#8221; box_shadow_style=&#8221;preset4&#8243; box_shadow_horizontal=&#8221;30vw&#8221; box_shadow_vertical=&#8221;0px&#8221; box_shadow_color=&#8221;#FFFFFF&#8221; sticky_enabled=&#8221;0&#8243;][et_pb_column type=&#8221;4_4&#8243; _builder_version=&#8221;4.24.2&#8243; _module_preset=&#8221;default&#8221; global_colors_info=&#8221;{}&#8221;][et_pb_divider show_divider=&#8221;off&#8221; _builder_version=&#8221;4.24.3&#8243; _module_preset=&#8221;default&#8221; height=&#8221;3vw&#8221; global_colors_info=&#8221;{}&#8221;][\/et_pb_divider][\/et_pb_column][\/et_pb_row][\/et_pb_section][et_pb_section fb_built=&#8221;1&#8243; module_class=&#8221;breadcrumbs&#8221; _builder_version=&#8221;4.25.1&#8243; _module_preset=&#8221;default&#8221; custom_padding=&#8221;0px||0px|||&#8221; global_module=&#8221;283&#8243; saved_tabs=&#8221;all&#8221; global_colors_info=&#8221;{}&#8221;][et_pb_row _builder_version=&#8221;4.25.0&#8243; _module_preset=&#8221;default&#8221; global_colors_info=&#8221;{}&#8221;][et_pb_column type=&#8221;4_4&#8243; _builder_version=&#8221;4.25.0&#8243; _module_preset=&#8221;default&#8221; global_colors_info=&#8221;{}&#8221;][et_pb_code _builder_version=&#8221;4.25.1&#8243; _module_preset=&#8221;default&#8221; global_colors_info=&#8221;{}&#8221;]<span><span><a href=\"https:\/\/valuminium.ca\/en\/\">Home<\/a><\/span><\/span>[\/et_pb_code][\/et_pb_column][\/et_pb_row][\/et_pb_section][et_pb_section fb_built=&#8221;1&#8243; _builder_version=&#8221;4.24.3&#8243; _module_preset=&#8221;default&#8221; background_enable_color=&#8221;off&#8221; custom_padding=&#8221;||||false|false&#8221; global_colors_info=&#8221;{}&#8221;][et_pb_row _builder_version=&#8221;4.25.0&#8243; _module_preset=&#8221;default&#8221; global_colors_info=&#8221;{}&#8221;][et_pb_column type=&#8221;4_4&#8243; _builder_version=&#8221;4.25.0&#8243; _module_preset=&#8221;default&#8221; global_colors_info=&#8221;{}&#8221;][et_pb_blog fullwidth=&#8221;off&#8221; posts_number=&#8221;3&#8243; meta_date=&#8221;j M Y&#8221; show_more=&#8221;on&#8221; show_author=&#8221;off&#8221; show_categories=&#8221;off&#8221; module_class=&#8221;nickolabs-custom-read-more-text&#8221; _builder_version=&#8221;4.25.1&#8243; _module_preset=&#8221;default&#8221; header_level=&#8221;h3&#8243; header_font=&#8221;||||||||&#8221; meta_font=&#8221;||||||||&#8221; meta_font_size=&#8221;13px&#8221; read_more_font=&#8221;||||||||&#8221; read_more_text_color=&#8221;#024B99&#8243; custom_padding=&#8221;||||false|false&#8221; border_width_all=&#8221;0px&#8221; border_color_all_image=&#8221;#FFFFFF&#8221; global_colors_info=&#8221;{}&#8221;][\/et_pb_blog][et_pb_code _builder_version=&#8221;4.25.1&#8243; _module_preset=&#8221;default&#8221; global_module=&#8221;710&#8243; global_colors_info=&#8221;{}&#8221;]<script>(function ($) {<!-- [et_pb_line_break_holder] -->  $(document).on(\"ready ajaxComplete\", function () {<!-- [et_pb_line_break_holder] -->    $(\".nickolabs-custom-read-more-text .et_pb_post a.more-link\").html(\"Lire plus\");<!-- [et_pb_line_break_holder] -->    $(\".nickolabs-custom-portfolio-all-text .et_pb_portfolio_filter_all a\").html(\"Tous\");<!-- [et_pb_line_break_holder] -->  });<!-- [et_pb_line_break_holder] -->})(jQuery);<\/script>[\/et_pb_code][\/et_pb_column][\/et_pb_row][\/et_pb_section]<\/p>\n","protected":false},"excerpt":{"rendered":"<span><span><a href=\"https:\/\/valuminium.ca\/en\/\">Home<\/a><\/span><\/span>\n","protected":false},"author":1,"featured_media":0,"parent":0,"menu_order":90,"comment_status":"closed","ping_status":"closed","template":"","meta":{"_et_pb_use_builder":"on","_et_pb_old_content":"","_et_gb_content_width":"","footnotes":""},"class_list":["post-1375","page","type-page","status-publish","hentry"],"yoast_head":"<!-- This site is optimized with the Yoast SEO plugin v27.3 - https:\/\/yoast.com\/product\/yoast-seo-wordpress\/ -->\n<title>News - Aluminium Valley Society<\/title>\n<meta name=\"robots\" content=\"index, follow, max-snippet:-1, max-image-preview:large, max-video-preview:-1\" \/>\n<link rel=\"canonical\" href=\"https:\/\/valuminium.ca\/en\/news\/\" \/>\n<meta property=\"og:locale\" content=\"en_US\" \/>\n<meta property=\"og:type\" content=\"article\" \/>\n<meta property=\"og:title\" content=\"News - Aluminium Valley Society\" \/>\n<meta property=\"og:url\" content=\"https:\/\/valuminium.ca\/en\/news\/\" \/>\n<meta property=\"og:site_name\" content=\"Aluminium Valley Society\" \/>\n<meta property=\"article:modified_time\" content=\"2025-10-16T19:52:39+00:00\" \/>\n<meta property=\"og:image\" content=\"https:\/\/valuminium.ca\/wp-content\/uploads\/2024\/05\/share-image.jpg\" \/>\n\t<meta property=\"og:image:width\" content=\"1200\" \/>\n\t<meta property=\"og:image:height\" content=\"630\" \/>\n\t<meta property=\"og:image:type\" content=\"image\/jpeg\" \/>\n<meta name=\"twitter:card\" content=\"summary_large_image\" \/>\n<meta name=\"twitter:description\" content=\"[wpseo_breadcrumb]\" \/>\n<meta name=\"twitter:label1\" content=\"Est. reading time\" \/>\n\t<meta name=\"twitter:data1\" content=\"2 minutes\" \/>\n<script type=\"application\/ld+json\" class=\"yoast-schema-graph\">{\"@context\":\"https:\\\/\\\/schema.org\",\"@graph\":[{\"@type\":\"WebPage\",\"@id\":\"https:\\\/\\\/valuminium.ca\\\/en\\\/news\\\/\",\"url\":\"https:\\\/\\\/valuminium.ca\\\/en\\\/news\\\/\",\"name\":\"News - Aluminium Valley Society\",\"isPartOf\":{\"@id\":\"https:\\\/\\\/valuminium.ca\\\/en\\\/#website\"},\"datePublished\":\"2024-04-30T15:14:03+00:00\",\"dateModified\":\"2025-10-16T19:52:39+00:00\",\"breadcrumb\":{\"@id\":\"https:\\\/\\\/valuminium.ca\\\/en\\\/news\\\/#breadcrumb\"},\"inLanguage\":\"en-US\",\"potentialAction\":[{\"@type\":\"ReadAction\",\"target\":[\"https:\\\/\\\/valuminium.ca\\\/en\\\/news\\\/\"]}]},{\"@type\":\"BreadcrumbList\",\"@id\":\"https:\\\/\\\/valuminium.ca\\\/en\\\/news\\\/#breadcrumb\",\"itemListElement\":[{\"@type\":\"ListItem\",\"position\":1,\"name\":\"Home\",\"item\":\"https:\\\/\\\/valuminium.ca\\\/en\\\/\"},{\"@type\":\"ListItem\",\"position\":2,\"name\":\"News\"}]},{\"@type\":\"WebSite\",\"@id\":\"https:\\\/\\\/valuminium.ca\\\/en\\\/#website\",\"url\":\"https:\\\/\\\/valuminium.ca\\\/en\\\/\",\"name\":\"Soci\u00e9t\u00e9 de la Vall\u00e9e de l\u2019Aluminium\",\"description\":\"Leader pour l\u2019industrie de l\u2019aluminium\",\"publisher\":{\"@id\":\"https:\\\/\\\/valuminium.ca\\\/en\\\/#organization\"},\"alternateName\":\"SVA\",\"potentialAction\":[{\"@type\":\"SearchAction\",\"target\":{\"@type\":\"EntryPoint\",\"urlTemplate\":\"https:\\\/\\\/valuminium.ca\\\/en\\\/?s={search_term_string}\"},\"query-input\":{\"@type\":\"PropertyValueSpecification\",\"valueRequired\":true,\"valueName\":\"search_term_string\"}}],\"inLanguage\":\"en-US\"},{\"@type\":\"Organization\",\"@id\":\"https:\\\/\\\/valuminium.ca\\\/en\\\/#organization\",\"name\":\"Aluminium Valley Society\",\"alternateName\":\"SVA\",\"url\":\"https:\\\/\\\/valuminium.ca\\\/en\\\/\",\"logo\":{\"@type\":\"ImageObject\",\"inLanguage\":\"en-US\",\"@id\":\"https:\\\/\\\/valuminium.ca\\\/en\\\/#\\\/schema\\\/logo\\\/image\\\/\",\"url\":\"https:\\\/\\\/valuminium.ca\\\/wp-content\\\/uploads\\\/2024\\\/05\\\/share-image.jpg\",\"contentUrl\":\"https:\\\/\\\/valuminium.ca\\\/wp-content\\\/uploads\\\/2024\\\/05\\\/share-image.jpg\",\"width\":1200,\"height\":630,\"caption\":\"Aluminium Valley Society\"},\"image\":{\"@id\":\"https:\\\/\\\/valuminium.ca\\\/en\\\/#\\\/schema\\\/logo\\\/image\\\/\"}}]}<\/script>\n<!-- \/ Yoast SEO plugin. -->","yoast_head_json":{"title":"News - Aluminium Valley Society","robots":{"index":"index","follow":"follow","max-snippet":"max-snippet:-1","max-image-preview":"max-image-preview:large","max-video-preview":"max-video-preview:-1"},"canonical":"https:\/\/valuminium.ca\/en\/news\/","og_locale":"en_US","og_type":"article","og_title":"News - Aluminium Valley Society","og_url":"https:\/\/valuminium.ca\/en\/news\/","og_site_name":"Aluminium Valley Society","article_modified_time":"2025-10-16T19:52:39+00:00","og_image":[{"width":1200,"height":630,"url":"https:\/\/valuminium.ca\/wp-content\/uploads\/2024\/05\/share-image.jpg","type":"image\/jpeg"}],"twitter_card":"summary_large_image","twitter_description":"[wpseo_breadcrumb]","twitter_misc":{"Est. reading time":"2 minutes"},"schema":{"@context":"https:\/\/schema.org","@graph":[{"@type":"WebPage","@id":"https:\/\/valuminium.ca\/en\/news\/","url":"https:\/\/valuminium.ca\/en\/news\/","name":"News - Aluminium Valley Society","isPartOf":{"@id":"https:\/\/valuminium.ca\/en\/#website"},"datePublished":"2024-04-30T15:14:03+00:00","dateModified":"2025-10-16T19:52:39+00:00","breadcrumb":{"@id":"https:\/\/valuminium.ca\/en\/news\/#breadcrumb"},"inLanguage":"en-US","potentialAction":[{"@type":"ReadAction","target":["https:\/\/valuminium.ca\/en\/news\/"]}]},{"@type":"BreadcrumbList","@id":"https:\/\/valuminium.ca\/en\/news\/#breadcrumb","itemListElement":[{"@type":"ListItem","position":1,"name":"Home","item":"https:\/\/valuminium.ca\/en\/"},{"@type":"ListItem","position":2,"name":"News"}]},{"@type":"WebSite","@id":"https:\/\/valuminium.ca\/en\/#website","url":"https:\/\/valuminium.ca\/en\/","name":"Soci\u00e9t\u00e9 de la Vall\u00e9e de l\u2019Aluminium","description":"Leader pour l\u2019industrie de l\u2019aluminium","publisher":{"@id":"https:\/\/valuminium.ca\/en\/#organization"},"alternateName":"SVA","potentialAction":[{"@type":"SearchAction","target":{"@type":"EntryPoint","urlTemplate":"https:\/\/valuminium.ca\/en\/?s={search_term_string}"},"query-input":{"@type":"PropertyValueSpecification","valueRequired":true,"valueName":"search_term_string"}}],"inLanguage":"en-US"},{"@type":"Organization","@id":"https:\/\/valuminium.ca\/en\/#organization","name":"Aluminium Valley Society","alternateName":"SVA","url":"https:\/\/valuminium.ca\/en\/","logo":{"@type":"ImageObject","inLanguage":"en-US","@id":"https:\/\/valuminium.ca\/en\/#\/schema\/logo\/image\/","url":"https:\/\/valuminium.ca\/wp-content\/uploads\/2024\/05\/share-image.jpg","contentUrl":"https:\/\/valuminium.ca\/wp-content\/uploads\/2024\/05\/share-image.jpg","width":1200,"height":630,"caption":"Aluminium Valley Society"},"image":{"@id":"https:\/\/valuminium.ca\/en\/#\/schema\/logo\/image\/"}}]}},"_links":{"self":[{"href":"https:\/\/valuminium.ca\/en\/wp-json\/wp\/v2\/pages\/1375","targetHints":{"allow":["GET"]}}],"collection":[{"href":"https:\/\/valuminium.ca\/en\/wp-json\/wp\/v2\/pages"}],"about":[{"href":"https:\/\/valuminium.ca\/en\/wp-json\/wp\/v2\/types\/page"}],"author":[{"embeddable":true,"href":"https:\/\/valuminium.ca\/en\/wp-json\/wp\/v2\/users\/1"}],"replies":[{"embeddable":true,"href":"https:\/\/valuminium.ca\/en\/wp-json\/wp\/v2\/comments?post=1375"}],"version-history":[{"count":2,"href":"https:\/\/valuminium.ca\/en\/wp-json\/wp\/v2\/pages\/1375\/revisions"}],"predecessor-version":[{"id":1377,"href":"https:\/\/valuminium.ca\/en\/wp-json\/wp\/v2\/pages\/1375\/revisions\/1377"}],"wp:attachment":[{"href":"https:\/\/valuminium.ca\/en\/wp-json\/wp\/v2\/media?parent=1375"}],"curies":[{"name":"wp","href":"https:\/\/api.w.org\/{rel}","templated":true}]}}